{"id":19,"date":"2016-10-11T17:40:39","date_gmt":"2016-10-11T15:40:39","guid":{"rendered":"http:\/\/linstantserein.com\/?page_id=19"},"modified":"2022-06-23T17:46:58","modified_gmt":"2022-06-23T15:46:58","slug":"tarifs","status":"publish","type":"page","link":"http:\/\/linstantserein.com\/index.php\/tarifs\/","title":{"rendered":"Tarifs"},"content":{"rendered":"<div style=\"background-repeat: no-repeat;\"><p style=\"text-align: left;\"><strong><span style=\"color: #301d07;\">SOIN AU CHOIX : \u00a0 \u00a01h \u00a0 \u00a0 \u00a0 \u00a0 \u00a0 \u00a0= 60\u20ac<\/span><\/strong><\/p>\n<p style=\"text-align: left;\"><strong><span style=\"color: #301d07;\">SOIN AU CHOIX : \u00a0 \u00a030mn \u00a0 \u00a0= 30\u20ac<\/span><\/strong><\/p>\n<p><strong>SOIN AU CHOIX :\u00a0 \u00a01h30\u00a0 \u00a0 \u00a0 \u00a0= 80\u20ac<\/strong><\/p>\n<p style=\"text-align: left;\"><span style=\"color: #301d07;\">D\u00e9placement \u00e0 domicile avec suppl\u00e9ment de\u00a0<\/span><span style=\"color: #301d07;\">10\u20ac\u00a0 &lt; 20km de Sainte Vertu<\/span><\/p>\n<p>D\u00e9placement Gratuit pour les PMR<\/p>\n<ul>\n<li style=\"text-align: left;\"><span style=\"color: #301d07;\">Forfaits abonnement : Pour 6 soins achet\u00e9s, le 7\u00e8me offert\u00a0 (6 mois)<\/span><\/li>\n<li style=\"text-align: left;\"><span style=\"color: #301d07;\">Carte de fid\u00e9lit\u00e9 avec 1 soin offert au bout de 10 s\u00e9ances\u00a0 (1 an)<\/span><\/li>\n<\/ul>\n<h5><\/h5>\n<\/div>","protected":false},"excerpt":{"rendered":"<p>SOIN AU CHOIX : \u00a0 \u00a01h \u00a0 \u00a0 \u00a0 \u00a0 \u00a0 \u00a0= 60\u20ac SOIN AU CHOIX : \u00a0 \u00a030mn \u00a0 \u00a0= 30\u20ac SOIN AU CHOIX :\u00a0 \u00a01h30\u00a0 \u00a0 \u00a0 \u00a0= 80\u20ac D\u00e9placement \u00e0 domicile avec suppl\u00e9ment de\u00a010\u20ac\u00a0 &lt; 20km de Sainte Vertu D\u00e9placement Gratuit pour les PMR Forfaits abonnement : Pour 6 soins achet\u00e9s, le [&hellip;]<\/p>\n","protected":false},"author":1,"featured_media":0,"parent":0,"menu_order":0,"comment_status":"closed","ping_status":"closed","template":"","meta":[],"_links":{"self":[{"href":"http:\/\/linstantserein.com\/index.php\/wp-json\/wp\/v2\/pages\/19"}],"collection":[{"href":"http:\/\/linstantserein.com\/index.php\/wp-json\/wp\/v2\/pages"}],"about":[{"href":"http:\/\/linstantserein.com\/index.php\/wp-json\/wp\/v2\/types\/page"}],"author":[{"embeddable":true,"href":"http:\/\/linstantserein.com\/index.php\/wp-json\/wp\/v2\/users\/1"}],"replies":[{"embeddable":true,"href":"http:\/\/linstantserein.com\/index.php\/wp-json\/wp\/v2\/comments?post=19"}],"version-history":[{"count":20,"href":"http:\/\/linstantserein.com\/index.php\/wp-json\/wp\/v2\/pages\/19\/revisions"}],"predecessor-version":[{"id":242,"href":"http:\/\/linstantserein.com\/index.php\/wp-json\/wp\/v2\/pages\/19\/revisions\/242"}],"wp:attachment":[{"href":"http:\/\/linstantserein.com\/index.php\/wp-json\/wp\/v2\/media?parent=19"}],"curies":[{"name":"wp","href":"https:\/\/api.w.org\/{rel}","templated":true}]}}