{"id":25,"date":"2016-10-11T17:46:18","date_gmt":"2016-10-11T15:46:18","guid":{"rendered":"http:\/\/linstantserein.com\/?page_id=25"},"modified":"2025-11-22T18:21:31","modified_gmt":"2025-11-22T17:21:31","slug":"les-soins-du-corps","status":"publish","type":"page","link":"http:\/\/linstantserein.com\/index.php\/les-soins-du-corps\/","title":{"rendered":"Les Soins du Corps"},"content":{"rendered":"<div style=\"background-repeat: no-repeat;\"><p><img decoding=\"async\" loading=\"lazy\" class=\"size-full wp-image-26 alignright\" src=\"http:\/\/linstantserein.com\/wp-content\/uploads\/2016\/10\/photomassage.jpg\" alt=\"photomassage\" width=\"275\" height=\"183\" \/><\/p>\n<p><span style=\"color: #301d07;\">Avec plus de 20 ann\u00e9es de pratique, la cr\u00e9ation d&rsquo;un spa urbain \u00e0 Lille : Bain de Soi de 2005 \u00e0 2012, plusieurs formations aux massages de chez Cinq Mondes et 3 ann\u00e9es de vie en extr\u00eame orient, je vous propose aujourd&rsquo;hui des soins adapt\u00e9s \u00e0 votre souhait, votre \u00e9tat, au moment pr\u00e9sent.<\/span><\/p>\n<p><strong><span style=\"color: #301d07;\">Soin modelage selon la dur\u00e9e choisie\u00a0<\/span><\/strong><\/p>\n<p><span style=\"color: #301d07;\">Soin modelage Autour du Monde : un m\u00e9lange de techniques pour une d\u00e9tente profonde et durable.<\/span><\/p>\n<p><span style=\"color: #301d07;\">Soin modelage Ayurv\u00e9dique : tonique<\/span><\/p>\n<p><span style=\"color: #301d07;\">Soin modelage Balinais : enveloppant<\/span><\/p>\n<p><span style=\"color: #301d07;\">Sion modelage Oriental : profond<\/span><\/p>\n<p><span style=\"color: #301d07;\">Soin modelage Californien : drainant<\/span><\/p>\n<p><strong>R\u00e9flexologie plantaire\u00a0<\/strong><\/p>\n<p>30mn : D\u00e9couverte du bien \u00eatre et la d\u00e9tente profonde que procure la r\u00e9flexologie<\/p>\n<p>1h : Soin approfondi, travail sur les zones de tension, rel\u00e2chement de tout le corps.<\/p>\n<\/div>","protected":false},"excerpt":{"rendered":"<p>Avec plus de 20 ann\u00e9es de pratique, la cr\u00e9ation d&rsquo;un spa urbain \u00e0 Lille : Bain de Soi de 2005 \u00e0 2012, plusieurs formations aux massages de chez Cinq Mondes et 3 ann\u00e9es de vie en extr\u00eame orient, je vous propose aujourd&rsquo;hui des soins adapt\u00e9s \u00e0 votre souhait, votre \u00e9tat, au moment pr\u00e9sent. Soin modelage [&hellip;]<\/p>\n","protected":false},"author":1,"featured_media":0,"parent":0,"menu_order":0,"comment_status":"closed","ping_status":"closed","template":"","meta":[],"_links":{"self":[{"href":"http:\/\/linstantserein.com\/index.php\/wp-json\/wp\/v2\/pages\/25"}],"collection":[{"href":"http:\/\/linstantserein.com\/index.php\/wp-json\/wp\/v2\/pages"}],"about":[{"href":"http:\/\/linstantserein.com\/index.php\/wp-json\/wp\/v2\/types\/page"}],"author":[{"embeddable":true,"href":"http:\/\/linstantserein.com\/index.php\/wp-json\/wp\/v2\/users\/1"}],"replies":[{"embeddable":true,"href":"http:\/\/linstantserein.com\/index.php\/wp-json\/wp\/v2\/comments?post=25"}],"version-history":[{"count":13,"href":"http:\/\/linstantserein.com\/index.php\/wp-json\/wp\/v2\/pages\/25\/revisions"}],"predecessor-version":[{"id":256,"href":"http:\/\/linstantserein.com\/index.php\/wp-json\/wp\/v2\/pages\/25\/revisions\/256"}],"wp:attachment":[{"href":"http:\/\/linstantserein.com\/index.php\/wp-json\/wp\/v2\/media?parent=25"}],"curies":[{"name":"wp","href":"https:\/\/api.w.org\/{rel}","templated":true}]}}